{"id":30584,"date":"2023-07-24T17:06:02","date_gmt":"2023-07-24T17:06:02","guid":{"rendered":"https:\/\/016222b92f850cd0eaf9.webplace.lv\/?page_id=30584"},"modified":"2023-07-24T17:07:33","modified_gmt":"2023-07-24T17:07:33","slug":"cookie","status":"publish","type":"page","link":"https:\/\/www.forevers.lv\/ru\/cookie\/","title":{"rendered":"Cookie"},"content":{"rendered":"<div data-elementor-type=\"wp-page\" data-elementor-id=\"30584\" class=\"elementor elementor-30584\">\n\t\t\t\t\t\t\t\t\t<section class=\"elementor-section elementor-top-section elementor-element elementor-element-531fe818 elementor-section-full_width elementor-hidden-tablet elementor-hidden-mobile elementor-section-height-default elementor-section-height-default\" data-id=\"531fe818\" data-element_type=\"section\" id=\"page-desktop\" data-settings=\"{&quot;background_background&quot;:&quot;classic&quot;,&quot;_ha_eqh_enable&quot;:false}\">\n\t\t\t\t\t\t<div class=\"elementor-container elementor-column-gap-default\">\n\t\t\t\t\t<div class=\"elementor-column elementor-col-50 elementor-top-column elementor-element elementor-element-11579de2\" data-id=\"11579de2\" data-element_type=\"column\">\n\t\t\t<div class=\"elementor-widget-wrap elementor-element-populated\">\n\t\t\t\t\t\t\t\t<div class=\"elementor-element elementor-element-66372ac4 elementor-widget elementor-widget-spacer\" data-id=\"66372ac4\" data-element_type=\"widget\" data-widget_type=\"spacer.default\">\n\t\t\t\t<div class=\"elementor-widget-container\">\n\t\t\t<style>\/*! elementor - v3.13.2 - 11-05-2023 *\/\n.elementor-column .elementor-spacer-inner{height:var(--spacer-size)}.e-con{--container-widget-width:100%}.e-con-inner>.elementor-widget-spacer,.e-con>.elementor-widget-spacer{width:var(--container-widget-width,var(--spacer-size));--align-self:var(--container-widget-align-self,initial);--flex-shrink:0}.e-con-inner>.elementor-widget-spacer>.elementor-widget-container,.e-con-inner>.elementor-widget-spacer>.elementor-widget-container>.elementor-spacer,.e-con>.elementor-widget-spacer>.elementor-widget-container,.e-con>.elementor-widget-spacer>.elementor-widget-container>.elementor-spacer{height:100%}.e-con-inner>.elementor-widget-spacer>.elementor-widget-container>.elementor-spacer>.elementor-spacer-inner,.e-con>.elementor-widget-spacer>.elementor-widget-container>.elementor-spacer>.elementor-spacer-inner{height:var(--container-widget-height,var(--spacer-size))}<\/style>\t\t<div class=\"elementor-spacer\">\n\t\t\t<div class=\"elementor-spacer-inner\"><\/div>\n\t\t<\/div>\n\t\t\t\t<\/div>\n\t\t\t\t<\/div>\n\t\t\t\t<div class=\"elementor-element elementor-element-55cbb45f elementor-widget elementor-widget-theme-post-title elementor-page-title elementor-widget-heading\" data-id=\"55cbb45f\" data-element_type=\"widget\" data-widget_type=\"theme-post-title.default\">\n\t\t\t\t<div class=\"elementor-widget-container\">\n\t\t\t<style>\/*! elementor - v3.13.2 - 11-05-2023 *\/\n.elementor-heading-title{padding:0;margin:0;line-height:1}.elementor-widget-heading .elementor-heading-title[class*=elementor-size-]>a{color:inherit;font-size:inherit;line-height:inherit}.elementor-widget-heading .elementor-heading-title.elementor-size-small{font-size:15px}.elementor-widget-heading .elementor-heading-title.elementor-size-medium{font-size:19px}.elementor-widget-heading .elementor-heading-title.elementor-size-large{font-size:29px}.elementor-widget-heading .elementor-heading-title.elementor-size-xl{font-size:39px}.elementor-widget-heading .elementor-heading-title.elementor-size-xxl{font-size:59px}<\/style><h1 class=\"elementor-heading-title elementor-size-default\">Cookie<\/h1>\t\t<\/div>\n\t\t\t\t<\/div>\n\t\t\t\t<div class=\"elementor-element elementor-element-3ee6f73 elementor-widget elementor-widget-text-editor\" data-id=\"3ee6f73\" data-element_type=\"widget\" data-widget_type=\"text-editor.default\">\n\t\t\t\t<div class=\"elementor-widget-container\">\n\t\t\t<style>\/*! elementor - v3.13.2 - 11-05-2023 *\/\n.elementor-widget-text-editor.elementor-drop-cap-view-stacked .elementor-drop-cap{background-color:#69727d;color:#fff}.elementor-widget-text-editor.elementor-drop-cap-view-framed .elementor-drop-cap{color:#69727d;border:3px solid;background-color:transparent}.elementor-widget-text-editor:not(.elementor-drop-cap-view-default) .elementor-drop-cap{margin-top:8px}.elementor-widget-text-editor:not(.elementor-drop-cap-view-default) .elementor-drop-cap-letter{width:1em;height:1em}.elementor-widget-text-editor .elementor-drop-cap{float:left;text-align:center;line-height:1;font-size:50px}.elementor-widget-text-editor .elementor-drop-cap-letter{display:inline-block}<\/style>\t\t\t\t<p>\u041f\u0440\u043e\u0441\u043d\u0443\u0432\u0448\u0438\u0441\u044c \u043e\u0434\u043d\u0430\u0436\u0434\u044b \u0443\u0442\u0440\u043e\u043c \u043f\u043e\u0441\u043b\u0435 \u0431\u0435\u0441\u043f\u043e\u043a\u043e\u0439\u043d\u043e\u0433\u043e \u0441\u043d\u0430, \u0413\u0440\u0435\u0433\u043e\u0440 \u0417\u0430\u043c\u0437\u0430 \u043e\u0431\u043d\u0430\u0440\u0443\u0436\u0438\u043b, \u0447\u0442\u043e \u043e\u043d \u0443 \u0441\u0435\u0431\u044f \u0432 \u043f\u043e\u0441\u0442\u0435\u043b\u0438 \u043f\u0440\u0435\u0432\u0440\u0430\u0442\u0438\u043b\u0441\u044f \u0432 \u0441\u0442\u0440\u0430\u0448\u043d\u043e\u0435 \u043d\u0430\u0441\u0435\u043a\u043e\u043c\u043e\u0435.<\/p>\t\t\t\t\t\t<\/div>\n\t\t\t\t<\/div>\n\t\t\t\t\t<\/div>\n\t\t<\/div>\n\t\t\t\t<div class=\"elementor-column elementor-col-50 elementor-top-column elementor-element elementor-element-66f44a9d\" data-id=\"66f44a9d\" data-element_type=\"column\">\n\t\t\t<div class=\"elementor-widget-wrap elementor-element-populated\">\n\t\t\t\t\t\t\t\t<div class=\"elementor-element elementor-element-58ca6dba elementor-widget elementor-widget-spacer\" data-id=\"58ca6dba\" data-element_type=\"widget\" data-widget_type=\"spacer.default\">\n\t\t\t\t<div class=\"elementor-widget-container\">\n\t\t\t\t\t<div class=\"elementor-spacer\">\n\t\t\t<div class=\"elementor-spacer-inner\"><\/div>\n\t\t<\/div>\n\t\t\t\t<\/div>\n\t\t\t\t<\/div>\n\t\t\t\t<div class=\"elementor-element elementor-element-4d143626 elementor-widget elementor-widget-image\" data-id=\"4d143626\" data-element_type=\"widget\" data-widget_type=\"image.default\">\n\t\t\t\t<div class=\"elementor-widget-container\">\n\t\t\t<style>\/*! elementor - v3.13.2 - 11-05-2023 *\/\n.elementor-widget-image{text-align:center}.elementor-widget-image a{display:inline-block}.elementor-widget-image a img[src$=\".svg\"]{width:48px}.elementor-widget-image img{vertical-align:middle;display:inline-block}<\/style>\t\t\t\t\t\t\t\t\t\t\t\t<img decoding=\"async\" width=\"338\" height=\"227\" src=\"https:\/\/www.forevers.lv\/wp-content\/uploads\/2023\/05\/image-10.png\" class=\"attachment-large size-large wp-image-24508\" alt=\"\" srcset=\"https:\/\/www.forevers.lv\/wp-content\/uploads\/2023\/05\/image-10.png 338w, https:\/\/www.forevers.lv\/wp-content\/uploads\/2023\/05\/image-10-300x201.png 300w\" sizes=\"(max-width: 338px) 100vw, 338px\" \/>\t\t\t\t\t\t\t\t\t\t\t\t\t\t\t<\/div>\n\t\t\t\t<\/div>\n\t\t\t\t<div class=\"elementor-element elementor-element-77bf9de8 elementor-widget elementor-widget-image\" data-id=\"77bf9de8\" data-element_type=\"widget\" data-widget_type=\"image.default\">\n\t\t\t\t<div class=\"elementor-widget-container\">\n\t\t\t\t\t\t\t\t\t\t\t\t\t\t\t<img decoding=\"async\" width=\"338\" height=\"228\" src=\"https:\/\/www.forevers.lv\/wp-content\/uploads\/2023\/05\/image-11.png\" class=\"attachment-large size-large wp-image-24511\" alt=\"\" srcset=\"https:\/\/www.forevers.lv\/wp-content\/uploads\/2023\/05\/image-11.png 338w, https:\/\/www.forevers.lv\/wp-content\/uploads\/2023\/05\/image-11-300x202.png 300w\" sizes=\"(max-width: 338px) 100vw, 338px\" \/>\t\t\t\t\t\t\t\t\t\t\t\t\t\t\t<\/div>\n\t\t\t\t<\/div>\n\t\t\t\t<div class=\"elementor-element elementor-element-29126433 elementor-widget elementor-widget-spacer\" data-id=\"29126433\" data-element_type=\"widget\" data-widget_type=\"spacer.default\">\n\t\t\t\t<div class=\"elementor-widget-container\">\n\t\t\t\t\t<div class=\"elementor-spacer\">\n\t\t\t<div class=\"elementor-spacer-inner\"><\/div>\n\t\t<\/div>\n\t\t\t\t<\/div>\n\t\t\t\t<\/div>\n\t\t\t\t\t<\/div>\n\t\t<\/div>\n\t\t\t\t\t\t\t<\/div>\n\t\t<\/section>\n\t\t\t\t\t\t\t<\/div>","protected":false},"excerpt":{"rendered":"<p>Lorem ipsum dolor sit amet, consectetur adipiscing elit. Ut elit tellus, luctus nec ullamcorper mattis, pulvinar dapibus leo.<\/p>","protected":false},"author":1,"featured_media":0,"parent":0,"menu_order":0,"comment_status":"closed","ping_status":"closed","template":"","meta":{"site-sidebar-layout":"no-sidebar","site-content-layout":"page-builder","ast-site-content-layout":"","site-content-style":"default","site-sidebar-style":"default","ast-global-header-display":"","ast-banner-title-visibility":"","ast-main-header-display":"","ast-hfb-above-header-display":"","ast-hfb-below-header-display":"","ast-hfb-mobile-header-display":"","site-post-title":"disabled","ast-breadcrumbs-content":"","ast-featured-img":"disabled","footer-sml-layout":"","theme-transparent-header-meta":"","adv-header-id-meta":"","stick-header-meta":"","header-above-stick-meta":"","header-main-stick-meta":"","header-below-stick-meta":"","astra-migrate-meta-layouts":"","ast-page-background-enabled":"default","ast-page-background-meta":{"desktop":{"background-color":"var(--ast-global-color-4)","background-image":"","background-repeat":"repeat","background-position":"center center","background-size":"auto","background-attachment":"scroll","background-type":"","background-media":"","overlay-type":"","overlay-color":"","overlay-gradient":""},"tablet":{"background-color":"","background-image":"","background-repeat":"repeat","background-position":"center center","background-size":"auto","background-attachment":"scroll","background-type":"","background-media":"","overlay-type":"","overlay-color":"","overlay-gradient":""},"mobile":{"background-color":"","background-image":"","background-repeat":"repeat","background-position":"center center","background-size":"auto","background-attachment":"scroll","background-type":"","background-media":"","overlay-type":"","overlay-color":"","overlay-gradient":""}},"ast-content-background-meta":{"desktop":{"background-color":"var(--ast-global-color-5)","background-image":"","background-repeat":"repeat","background-position":"center center","background-size":"auto","background-attachment":"scroll","background-type":"","background-media":"","overlay-type":"","overlay-color":"","overlay-gradient":""},"tablet":{"background-color":"var(--ast-global-color-5)","background-image":"","background-repeat":"repeat","background-position":"center center","background-size":"auto","background-attachment":"scroll","background-type":"","background-media":"","overlay-type":"","overlay-color":"","overlay-gradient":""},"mobile":{"background-color":"var(--ast-global-color-5)","background-image":"","background-repeat":"repeat","background-position":"center center","background-size":"auto","background-attachment":"scroll","background-type":"","background-media":"","overlay-type":"","overlay-color":"","overlay-gradient":""}},"footnotes":""},"class_list":["post-30584","page","type-page","status-publish","hentry"],"yoast_head":"<!-- This site is optimized with the Yoast SEO plugin v22.9 - https:\/\/yoast.com\/wordpress\/plugins\/seo\/ -->\n<title>Cookie - FOREVERS<\/title>\n<meta name=\"robots\" content=\"index, follow, max-snippet:-1, max-image-preview:large, max-video-preview:-1\" \/>\n<link rel=\"canonical\" href=\"https:\/\/www.forevers.lv\/ru\/cookie\/\" \/>\n<meta property=\"og:locale\" content=\"ru_RU\" \/>\n<meta property=\"og:type\" content=\"article\" \/>\n<meta property=\"og:title\" content=\"Cookie - FOREVERS\" \/>\n<meta property=\"og:description\" content=\"Lorem ipsum dolor sit amet, consectetur adipiscing elit. Ut elit tellus, luctus nec ullamcorper mattis, pulvinar dapibus leo.\" \/>\n<meta property=\"og:url\" content=\"https:\/\/www.forevers.lv\/ru\/cookie\/\" \/>\n<meta property=\"og:site_name\" content=\"FOREVERS\" \/>\n<meta property=\"article:modified_time\" content=\"2023-07-24T17:07:33+00:00\" \/>\n<meta property=\"og:image\" content=\"https:\/\/016222b92f850cd0eaf9.webplace.lv\/wp-content\/uploads\/2023\/05\/image-10.png\" \/>\n<meta name=\"twitter:card\" content=\"summary_large_image\" \/>\n<script type=\"application\/ld+json\" class=\"yoast-schema-graph\">{\"@context\":\"https:\/\/schema.org\",\"@graph\":[{\"@type\":\"WebPage\",\"@id\":\"https:\/\/www.forevers.lv\/cookie\/\",\"url\":\"https:\/\/www.forevers.lv\/cookie\/\",\"name\":\"Cookie - FOREVERS\",\"isPartOf\":{\"@id\":\"https:\/\/www.forevers.lv\/ru\/#website\"},\"primaryImageOfPage\":{\"@id\":\"https:\/\/www.forevers.lv\/cookie\/#primaryimage\"},\"image\":{\"@id\":\"https:\/\/www.forevers.lv\/cookie\/#primaryimage\"},\"thumbnailUrl\":\"https:\/\/016222b92f850cd0eaf9.webplace.lv\/wp-content\/uploads\/2023\/05\/image-10.png\",\"datePublished\":\"2023-07-24T17:06:02+00:00\",\"dateModified\":\"2023-07-24T17:07:33+00:00\",\"breadcrumb\":{\"@id\":\"https:\/\/www.forevers.lv\/cookie\/#breadcrumb\"},\"inLanguage\":\"ru-RU\",\"potentialAction\":[{\"@type\":\"ReadAction\",\"target\":[\"https:\/\/www.forevers.lv\/cookie\/\"]}]},{\"@type\":\"ImageObject\",\"inLanguage\":\"ru-RU\",\"@id\":\"https:\/\/www.forevers.lv\/cookie\/#primaryimage\",\"url\":\"https:\/\/016222b92f850cd0eaf9.webplace.lv\/wp-content\/uploads\/2023\/05\/image-10.png\",\"contentUrl\":\"https:\/\/016222b92f850cd0eaf9.webplace.lv\/wp-content\/uploads\/2023\/05\/image-10.png\"},{\"@type\":\"BreadcrumbList\",\"@id\":\"https:\/\/www.forevers.lv\/cookie\/#breadcrumb\",\"itemListElement\":[{\"@type\":\"ListItem\",\"position\":1,\"name\":\"Home\",\"item\":\"https:\/\/www.forevers.lv\/lv\/\"},{\"@type\":\"ListItem\",\"position\":2,\"name\":\"Cookie\"}]},{\"@type\":\"WebSite\",\"@id\":\"https:\/\/www.forevers.lv\/ru\/#website\",\"url\":\"https:\/\/www.forevers.lv\/ru\/\",\"name\":\"FOREVERS\",\"description\":\"Gar\u0161\u012bgi, kvalitat\u012bvi un izdev\u012bgi. VIENM\u0112R!\",\"publisher\":{\"@id\":\"https:\/\/www.forevers.lv\/ru\/#organization\"},\"potentialAction\":[{\"@type\":\"SearchAction\",\"target\":{\"@type\":\"EntryPoint\",\"urlTemplate\":\"https:\/\/www.forevers.lv\/ru\/?s={search_term_string}\"},\"query-input\":\"required name=search_term_string\"}],\"inLanguage\":\"ru-RU\"},{\"@type\":\"Organization\",\"@id\":\"https:\/\/www.forevers.lv\/ru\/#organization\",\"name\":\"FOREVERS\",\"url\":\"https:\/\/www.forevers.lv\/ru\/\",\"logo\":{\"@type\":\"ImageObject\",\"inLanguage\":\"ru-RU\",\"@id\":\"https:\/\/www.forevers.lv\/ru\/#\/schema\/logo\/image\/\",\"url\":\"https:\/\/www.forevers.lv\/wp-content\/uploads\/2023\/05\/logo.png\",\"contentUrl\":\"https:\/\/www.forevers.lv\/wp-content\/uploads\/2023\/05\/logo.png\",\"width\":262,\"height\":113,\"caption\":\"FOREVERS\"},\"image\":{\"@id\":\"https:\/\/www.forevers.lv\/ru\/#\/schema\/logo\/image\/\"}}]}<\/script>\n<!-- \/ Yoast SEO plugin. -->","yoast_head_json":{"title":"Cookie - FOREVERS","robots":{"index":"index","follow":"follow","max-snippet":"max-snippet:-1","max-image-preview":"max-image-preview:large","max-video-preview":"max-video-preview:-1"},"canonical":"https:\/\/www.forevers.lv\/ru\/cookie\/","og_locale":"ru_RU","og_type":"article","og_title":"Cookie - FOREVERS","og_description":"Lorem ipsum dolor sit amet, consectetur adipiscing elit. Ut elit tellus, luctus nec ullamcorper mattis, pulvinar dapibus leo.","og_url":"https:\/\/www.forevers.lv\/ru\/cookie\/","og_site_name":"FOREVERS","article_modified_time":"2023-07-24T17:07:33+00:00","og_image":[{"url":"https:\/\/016222b92f850cd0eaf9.webplace.lv\/wp-content\/uploads\/2023\/05\/image-10.png"}],"twitter_card":"summary_large_image","schema":{"@context":"https:\/\/schema.org","@graph":[{"@type":"WebPage","@id":"https:\/\/www.forevers.lv\/cookie\/","url":"https:\/\/www.forevers.lv\/cookie\/","name":"Cookie - FOREVERS","isPartOf":{"@id":"https:\/\/www.forevers.lv\/ru\/#website"},"primaryImageOfPage":{"@id":"https:\/\/www.forevers.lv\/cookie\/#primaryimage"},"image":{"@id":"https:\/\/www.forevers.lv\/cookie\/#primaryimage"},"thumbnailUrl":"https:\/\/016222b92f850cd0eaf9.webplace.lv\/wp-content\/uploads\/2023\/05\/image-10.png","datePublished":"2023-07-24T17:06:02+00:00","dateModified":"2023-07-24T17:07:33+00:00","breadcrumb":{"@id":"https:\/\/www.forevers.lv\/cookie\/#breadcrumb"},"inLanguage":"ru-RU","potentialAction":[{"@type":"ReadAction","target":["https:\/\/www.forevers.lv\/cookie\/"]}]},{"@type":"ImageObject","inLanguage":"ru-RU","@id":"https:\/\/www.forevers.lv\/cookie\/#primaryimage","url":"https:\/\/016222b92f850cd0eaf9.webplace.lv\/wp-content\/uploads\/2023\/05\/image-10.png","contentUrl":"https:\/\/016222b92f850cd0eaf9.webplace.lv\/wp-content\/uploads\/2023\/05\/image-10.png"},{"@type":"BreadcrumbList","@id":"https:\/\/www.forevers.lv\/cookie\/#breadcrumb","itemListElement":[{"@type":"ListItem","position":1,"name":"Home","item":"https:\/\/www.forevers.lv\/lv\/"},{"@type":"ListItem","position":2,"name":"Cookie"}]},{"@type":"WebSite","@id":"https:\/\/www.forevers.lv\/ru\/#website","url":"https:\/\/www.forevers.lv\/ru\/","name":"FOREVERS","description":"Gar\u0161\u012bgi, kvalitat\u012bvi un izdev\u012bgi. VIENM\u0112R!","publisher":{"@id":"https:\/\/www.forevers.lv\/ru\/#organization"},"potentialAction":[{"@type":"SearchAction","target":{"@type":"EntryPoint","urlTemplate":"https:\/\/www.forevers.lv\/ru\/?s={search_term_string}"},"query-input":"required name=search_term_string"}],"inLanguage":"ru-RU"},{"@type":"Organization","@id":"https:\/\/www.forevers.lv\/ru\/#organization","name":"FOREVERS","url":"https:\/\/www.forevers.lv\/ru\/","logo":{"@type":"ImageObject","inLanguage":"ru-RU","@id":"https:\/\/www.forevers.lv\/ru\/#\/schema\/logo\/image\/","url":"https:\/\/www.forevers.lv\/wp-content\/uploads\/2023\/05\/logo.png","contentUrl":"https:\/\/www.forevers.lv\/wp-content\/uploads\/2023\/05\/logo.png","width":262,"height":113,"caption":"FOREVERS"},"image":{"@id":"https:\/\/www.forevers.lv\/ru\/#\/schema\/logo\/image\/"}}]}},"_links":{"self":[{"href":"https:\/\/www.forevers.lv\/ru\/wp-json\/wp\/v2\/pages\/30584","targetHints":{"allow":["GET"]}}],"collection":[{"href":"https:\/\/www.forevers.lv\/ru\/wp-json\/wp\/v2\/pages"}],"about":[{"href":"https:\/\/www.forevers.lv\/ru\/wp-json\/wp\/v2\/types\/page"}],"author":[{"embeddable":true,"href":"https:\/\/www.forevers.lv\/ru\/wp-json\/wp\/v2\/users\/1"}],"replies":[{"embeddable":true,"href":"https:\/\/www.forevers.lv\/ru\/wp-json\/wp\/v2\/comments?post=30584"}],"version-history":[{"count":4,"href":"https:\/\/www.forevers.lv\/ru\/wp-json\/wp\/v2\/pages\/30584\/revisions"}],"predecessor-version":[{"id":30588,"href":"https:\/\/www.forevers.lv\/ru\/wp-json\/wp\/v2\/pages\/30584\/revisions\/30588"}],"wp:attachment":[{"href":"https:\/\/www.forevers.lv\/ru\/wp-json\/wp\/v2\/media?parent=30584"}],"curies":[{"name":"wp","href":"https:\/\/api.w.org\/{rel}","templated":true}]}}