{"id":30084,"date":"2023-07-23T15:34:31","date_gmt":"2023-07-23T15:34:31","guid":{"rendered":"https:\/\/016222b92f850cd0eaf9.webplace.lv\/?page_id=30084"},"modified":"2023-08-22T10:00:08","modified_gmt":"2023-08-22T10:00:08","slug":"fakti-par-uznemumu","status":"publish","type":"page","link":"https:\/\/www.forevers.lv\/en\/fakti-par-uznemumu\/","title":{"rendered":"FACTS ABOUT THE COMPANY"},"content":{"rendered":"<div data-elementor-type=\"wp-page\" data-elementor-id=\"30084\" class=\"elementor elementor-30084\">\n\t\t\t\t\t\t\t\t\t<section class=\"elementor-section elementor-top-section elementor-element elementor-element-d84009f elementor-section-full_width elementor-section-height-default elementor-section-height-default\" data-id=\"d84009f\" data-element_type=\"section\" id=\"section1\" data-settings=\"{&quot;background_background&quot;:&quot;classic&quot;,&quot;_ha_eqh_enable&quot;:false}\">\n\t\t\t\t\t\t<div class=\"elementor-container elementor-column-gap-default\">\n\t\t\t\t\t<div class=\"elementor-column elementor-col-66 elementor-top-column elementor-element elementor-element-8b64856\" data-id=\"8b64856\" data-element_type=\"column\">\n\t\t\t<div class=\"elementor-widget-wrap elementor-element-populated\">\n\t\t\t\t\t\t\t\t<div class=\"elementor-element elementor-element-a2f2ec8 elementor-widget elementor-widget-spacer\" data-id=\"a2f2ec8\" data-element_type=\"widget\" data-widget_type=\"spacer.default\">\n\t\t\t\t<div class=\"elementor-widget-container\">\n\t\t\t<style>\/*! elementor - v3.13.2 - 11-05-2023 *\/\n.elementor-column .elementor-spacer-inner{height:var(--spacer-size)}.e-con{--container-widget-width:100%}.e-con-inner>.elementor-widget-spacer,.e-con>.elementor-widget-spacer{width:var(--container-widget-width,var(--spacer-size));--align-self:var(--container-widget-align-self,initial);--flex-shrink:0}.e-con-inner>.elementor-widget-spacer>.elementor-widget-container,.e-con-inner>.elementor-widget-spacer>.elementor-widget-container>.elementor-spacer,.e-con>.elementor-widget-spacer>.elementor-widget-container,.e-con>.elementor-widget-spacer>.elementor-widget-container>.elementor-spacer{height:100%}.e-con-inner>.elementor-widget-spacer>.elementor-widget-container>.elementor-spacer>.elementor-spacer-inner,.e-con>.elementor-widget-spacer>.elementor-widget-container>.elementor-spacer>.elementor-spacer-inner{height:var(--container-widget-height,var(--spacer-size))}<\/style>\t\t<div class=\"elementor-spacer\">\n\t\t\t<div class=\"elementor-spacer-inner\"><\/div>\n\t\t<\/div>\n\t\t\t\t<\/div>\n\t\t\t\t<\/div>\n\t\t\t\t<div class=\"elementor-element elementor-element-75c6cf7 elementor-widget elementor-widget-image\" data-id=\"75c6cf7\" data-element_type=\"widget\" data-widget_type=\"image.default\">\n\t\t\t\t<div class=\"elementor-widget-container\">\n\t\t\t<style>\/*! elementor - v3.13.2 - 11-05-2023 *\/\n.elementor-widget-image{text-align:center}.elementor-widget-image a{display:inline-block}.elementor-widget-image a img[src$=\".svg\"]{width:48px}.elementor-widget-image img{vertical-align:middle;display:inline-block}<\/style>\t\t\t\t\t\t\t\t\t\t\t\t<img decoding=\"async\" width=\"820\" height=\"312\" src=\"https:\/\/www.forevers.lv\/wp-content\/uploads\/2023\/07\/332139415_224606973409813_9207575963015461072_n.jpg\" class=\"attachment-large size-large wp-image-30087\" alt=\"\" srcset=\"https:\/\/www.forevers.lv\/wp-content\/uploads\/2023\/07\/332139415_224606973409813_9207575963015461072_n.jpg 820w, https:\/\/www.forevers.lv\/wp-content\/uploads\/2023\/07\/332139415_224606973409813_9207575963015461072_n-300x114.jpg 300w, https:\/\/www.forevers.lv\/wp-content\/uploads\/2023\/07\/332139415_224606973409813_9207575963015461072_n-768x292.jpg 768w, https:\/\/www.forevers.lv\/wp-content\/uploads\/2023\/07\/332139415_224606973409813_9207575963015461072_n-18x7.jpg 18w, https:\/\/www.forevers.lv\/wp-content\/uploads\/2023\/07\/332139415_224606973409813_9207575963015461072_n-600x228.jpg 600w\" sizes=\"(max-width: 820px) 100vw, 820px\" \/>\t\t\t\t\t\t\t\t\t\t\t\t\t\t\t<\/div>\n\t\t\t\t<\/div>\n\t\t\t\t<div class=\"elementor-element elementor-element-d38fa7c elementor-widget elementor-widget-heading\" data-id=\"d38fa7c\" data-element_type=\"widget\" data-widget_type=\"heading.default\">\n\t\t\t\t<div class=\"elementor-widget-container\">\n\t\t\t<style>\/*! elementor - v3.13.2 - 11-05-2023 *\/\n.elementor-heading-title{padding:0;margin:0;line-height:1}.elementor-widget-heading .elementor-heading-title[class*=elementor-size-]>a{color:inherit;font-size:inherit;line-height:inherit}.elementor-widget-heading .elementor-heading-title.elementor-size-small{font-size:15px}.elementor-widget-heading .elementor-heading-title.elementor-size-medium{font-size:19px}.elementor-widget-heading .elementor-heading-title.elementor-size-large{font-size:29px}.elementor-widget-heading .elementor-heading-title.elementor-size-xl{font-size:39px}.elementor-widget-heading .elementor-heading-title.elementor-size-xxl{font-size:59px}<\/style><h2 class=\"elementor-heading-title elementor-size-default\">Facts about the company<\/h2>\t\t<\/div>\n\t\t\t\t<\/div>\n\t\t\t\t<div class=\"elementor-element elementor-element-440b10e elementor-widget elementor-widget-text-editor\" data-id=\"440b10e\" data-element_type=\"widget\" data-widget_type=\"text-editor.default\">\n\t\t\t\t<div class=\"elementor-widget-container\">\n\t\t\t<style>\/*! elementor - v3.13.2 - 11-05-2023 *\/\n.elementor-widget-text-editor.elementor-drop-cap-view-stacked .elementor-drop-cap{background-color:#69727d;color:#fff}.elementor-widget-text-editor.elementor-drop-cap-view-framed .elementor-drop-cap{color:#69727d;border:3px solid;background-color:transparent}.elementor-widget-text-editor:not(.elementor-drop-cap-view-default) .elementor-drop-cap{margin-top:8px}.elementor-widget-text-editor:not(.elementor-drop-cap-view-default) .elementor-drop-cap-letter{width:1em;height:1em}.elementor-widget-text-editor .elementor-drop-cap{float:left;text-align:center;line-height:1;font-size:50px}.elementor-widget-text-editor .elementor-drop-cap-letter{display:inline-block}<\/style>\t\t\t\t<ul><li>Forevers was founded on September 3, 1996.<\/li><li>The company is 100% owned by local capital. Andrejs Zdans is the sole owner and manager of the company.<\/li><li>One of the largest meat processing companies in Latvia with production in Riga, logistics branches in Jekabpils and Saldus and its own chain of stores.<\/li><li>In 2018, Forevers LLC was recognized by AS Kreditinformacijas Birojs (KIB) as a stable Latvian company with a low default risk, entering the top 5% of Latvian companies that meet strict certification standards.<\/li><li>In 2017 and 2018, Euromonitor International named Forevers No. 1 meat product brand in Latvia in terms of market share in the processed meat and seafood market.<\/li><li>Since 2003, the company has several times received the PRODUCT OF THE YEAR awards from the Latvian Traders Association (LTA).<\/li><li>The company currently employs more than 750 employees.<\/li><li>Every month the company manufactures and sells from 1500 to 2000 tons of meat products.<\/li><li>The company's fleet of 49 vehicles provides daily delivery of goods both to its stores and to customers throughout Latvia.<\/li><li>The company manufactures over 110 different meat products.<\/li><li>The pride of our company is the largest and most popular network of Forevers stores in Latvia that includes more than 100 specialized meat stores throughout the country.<\/li><li>Our products are also available in other grocery stores throughout Latvia, including the largest retail networks, are widely represented in the HoReCa segment, and work is underway to develop exports.<\/li><\/ul>\t\t\t\t\t\t<\/div>\n\t\t\t\t<\/div>\n\t\t\t\t<div class=\"elementor-element elementor-element-ecefb50 elementor-widget elementor-widget-button\" data-id=\"ecefb50\" data-element_type=\"widget\" data-widget_type=\"button.default\">\n\t\t\t\t<div class=\"elementor-widget-container\">\n\t\t\t\t\t<div class=\"elementor-button-wrapper\">\n\t\t\t<a href=\"https:\/\/www.forevers.lv\/ekskursija\/\" target=\"_blank\" class=\"elementor-button-link elementor-button elementor-size-sm\" role=\"button\">\n\t\t\t\t\t\t<span class=\"elementor-button-content-wrapper\">\n\t\t\t\t\t\t\t<span class=\"elementor-button-icon elementor-align-icon-right\">\n\t\t\t\t<i aria-hidden=\"true\" class=\"fas fa-angle-right\"><\/i>\t\t\t<\/span>\n\t\t\t\t\t\t<span class=\"elementor-button-text\">Virtual tour<\/span>\n\t\t<\/span>\n\t\t\t\t\t<\/a>\n\t\t<\/div>\n\t\t\t\t<\/div>\n\t\t\t\t<\/div>\n\t\t\t\t<div class=\"elementor-element elementor-element-17ffbec elementor-widget elementor-widget-spacer\" data-id=\"17ffbec\" data-element_type=\"widget\" data-widget_type=\"spacer.default\">\n\t\t\t\t<div class=\"elementor-widget-container\">\n\t\t\t\t\t<div class=\"elementor-spacer\">\n\t\t\t<div class=\"elementor-spacer-inner\"><\/div>\n\t\t<\/div>\n\t\t\t\t<\/div>\n\t\t\t\t<\/div>\n\t\t\t\t\t<\/div>\n\t\t<\/div>\n\t\t\t\t<div class=\"elementor-column elementor-col-33 elementor-top-column elementor-element elementor-element-b72eddd\" data-id=\"b72eddd\" data-element_type=\"column\">\n\t\t\t<div class=\"elementor-widget-wrap elementor-element-populated\">\n\t\t\t\t\t\t\t\t<div class=\"elementor-element elementor-element-7f6fb7f elementor-widget elementor-widget-spacer\" data-id=\"7f6fb7f\" data-element_type=\"widget\" data-widget_type=\"spacer.default\">\n\t\t\t\t<div class=\"elementor-widget-container\">\n\t\t\t\t\t<div class=\"elementor-spacer\">\n\t\t\t<div class=\"elementor-spacer-inner\"><\/div>\n\t\t<\/div>\n\t\t\t\t<\/div>\n\t\t\t\t<\/div>\n\t\t\t\t<div class=\"elementor-element elementor-element-04d807c elementor-widget elementor-widget-image\" data-id=\"04d807c\" data-element_type=\"widget\" data-widget_type=\"image.default\">\n\t\t\t\t<div class=\"elementor-widget-container\">\n\t\t\t\t\t\t\t\t\t\t\t\t\t\t\t\t<a href=\"\/akcijas\">\n\t\t\t\t\t\t\t<img decoding=\"async\" width=\"338\" height=\"227\" src=\"https:\/\/www.forevers.lv\/wp-content\/uploads\/2023\/05\/image-10.png\" class=\"attachment-large size-large wp-image-24508\" alt=\"\" srcset=\"https:\/\/www.forevers.lv\/wp-content\/uploads\/2023\/05\/image-10.png 338w, https:\/\/www.forevers.lv\/wp-content\/uploads\/2023\/05\/image-10-300x201.png 300w\" sizes=\"(max-width: 338px) 100vw, 338px\" \/>\t\t\t\t\t\t\t\t<\/a>\n\t\t\t\t\t\t\t\t\t\t\t\t\t\t\t<\/div>\n\t\t\t\t<\/div>\n\t\t\t\t<div class=\"elementor-element elementor-element-7ed8bab elementor-widget elementor-widget-spacer\" data-id=\"7ed8bab\" data-element_type=\"widget\" data-widget_type=\"spacer.default\">\n\t\t\t\t<div class=\"elementor-widget-container\">\n\t\t\t\t\t<div class=\"elementor-spacer\">\n\t\t\t<div class=\"elementor-spacer-inner\"><\/div>\n\t\t<\/div>\n\t\t\t\t<\/div>\n\t\t\t\t<\/div>\n\t\t\t\t<div class=\"elementor-element elementor-element-29aac2f elementor-widget elementor-widget-image\" data-id=\"29aac2f\" data-element_type=\"widget\" data-widget_type=\"image.default\">\n\t\t\t\t<div class=\"elementor-widget-container\">\n\t\t\t\t\t\t\t\t\t\t\t\t\t\t\t\t<a href=\"\/veikalu_adreses\">\n\t\t\t\t\t\t\t<img decoding=\"async\" width=\"338\" height=\"228\" src=\"https:\/\/www.forevers.lv\/wp-content\/uploads\/2023\/05\/image-11-1.png\" class=\"attachment-large size-large wp-image-24513\" alt=\"\" srcset=\"https:\/\/www.forevers.lv\/wp-content\/uploads\/2023\/05\/image-11-1.png 338w, https:\/\/www.forevers.lv\/wp-content\/uploads\/2023\/05\/image-11-1-300x202.png 300w\" sizes=\"(max-width: 338px) 100vw, 338px\" \/>\t\t\t\t\t\t\t\t<\/a>\n\t\t\t\t\t\t\t\t\t\t\t\t\t\t\t<\/div>\n\t\t\t\t<\/div>\n\t\t\t\t<div class=\"elementor-element elementor-element-aae6751 elementor-widget elementor-widget-spacer\" data-id=\"aae6751\" data-element_type=\"widget\" data-widget_type=\"spacer.default\">\n\t\t\t\t<div class=\"elementor-widget-container\">\n\t\t\t\t\t<div class=\"elementor-spacer\">\n\t\t\t<div class=\"elementor-spacer-inner\"><\/div>\n\t\t<\/div>\n\t\t\t\t<\/div>\n\t\t\t\t<\/div>\n\t\t\t\t<div class=\"elementor-element elementor-element-ed97cf2 elementor-widget elementor-widget-image\" data-id=\"ed97cf2\" data-element_type=\"widget\" id=\"random_gif\" data-widget_type=\"image.default\">\n\t\t\t\t<div class=\"elementor-widget-container\">\n\t\t\t\t\t\t\t\t\t\t\t\t\t\t\t<img decoding=\"async\" width=\"388\" height=\"550\" src=\"https:\/\/www.forevers.lv\/wp-content\/uploads\/2023\/07\/0006113_img1.gif\" class=\"attachment-large size-large wp-image-29909\" alt=\"\" \/>\t\t\t\t\t\t\t\t\t\t\t\t\t\t\t<\/div>\n\t\t\t\t<\/div>\n\t\t\t\t<div class=\"elementor-element elementor-element-af42803 elementor-widget elementor-widget-spacer\" data-id=\"af42803\" data-element_type=\"widget\" data-widget_type=\"spacer.default\">\n\t\t\t\t<div class=\"elementor-widget-container\">\n\t\t\t\t\t<div class=\"elementor-spacer\">\n\t\t\t<div class=\"elementor-spacer-inner\"><\/div>\n\t\t<\/div>\n\t\t\t\t<\/div>\n\t\t\t\t<\/div>\n\t\t\t\t\t<\/div>\n\t\t<\/div>\n\t\t\t\t\t\t\t<\/div>\n\t\t<\/section>\n\t\t\t\t\t\t\t<\/div>","protected":false},"excerpt":{"rendered":"<p>Fakti par uz\u0146\u0113mumu Uz\u0146\u0113mums Forevers ir dibin\u0101ts 1996. gada 3. septembr\u012b. 100% viet\u0113jam kapit\u0101lam piedero\u0161s uz\u0146\u0113mums &#8211; vien\u012bgais uz\u0146\u0113muma \u012bpa\u0161nieks un vienlaic\u012bgi vad\u012bt\u0101js ir Andrejs \u017ddans. Viens no liel\u0101kajiem ga\u013cas p\u0101rstr\u0101des uz\u0146\u0113mumiem Latvij\u0101 ar ra\u017eotni R\u012bg\u0101 un lo\u0123istikas fili\u0101l\u0113m J\u0113kabpil\u012b, Sald\u016b un savu veikalu t\u012bklu. 2018. gad\u0101 SIA \u201cForevers\u201d AS \u201cKred\u012btinform\u0101cijas Birojs\u201d (KIB) nov\u0113rt\u0113jum\u0101 atz\u012bts &hellip;<\/p>\n<p class=\"read-more\"> <a class=\"\" href=\"https:\/\/www.forevers.lv\/en\/fakti-par-uznemumu\/\"> <span class=\"screen-reader-text\">FACTS ABOUT THE COMPANY<\/span> Read More &raquo;<\/a><\/p>","protected":false},"author":1,"featured_media":0,"parent":0,"menu_order":0,"comment_status":"closed","ping_status":"closed","template":"","meta":{"site-sidebar-layout":"no-sidebar","site-content-layout":"page-builder","ast-site-content-layout":"","site-content-style":"default","site-sidebar-style":"default","ast-global-header-display":"","ast-banner-title-visibility":"","ast-main-header-display":"","ast-hfb-above-header-display":"","ast-hfb-below-header-display":"","ast-hfb-mobile-header-display":"","site-post-title":"disabled","ast-breadcrumbs-content":"","ast-featured-img":"disabled","footer-sml-layout":"","theme-transparent-header-meta":"","adv-header-id-meta":"","stick-header-meta":"","header-above-stick-meta":"","header-main-stick-meta":"","header-below-stick-meta":"","astra-migrate-meta-layouts":"","ast-page-background-enabled":"default","ast-page-background-meta":{"desktop":{"background-color":"var(--ast-global-color-4)","background-image":"","background-repeat":"repeat","background-position":"center center","background-size":"auto","background-attachment":"scroll","background-type":"","background-media":"","overlay-type":"","overlay-color":"","overlay-gradient":""},"tablet":{"background-color":"","background-image":"","background-repeat":"repeat","background-position":"center center","background-size":"auto","background-attachment":"scroll","background-type":"","background-media":"","overlay-type":"","overlay-color":"","overlay-gradient":""},"mobile":{"background-color":"","background-image":"","background-repeat":"repeat","background-position":"center center","background-size":"auto","background-attachment":"scroll","background-type":"","background-media":"","overlay-type":"","overlay-color":"","overlay-gradient":""}},"ast-content-background-meta":{"desktop":{"background-color":"var(--ast-global-color-5)","background-image":"","background-repeat":"repeat","background-position":"center center","background-size":"auto","background-attachment":"scroll","background-type":"","background-media":"","overlay-type":"","overlay-color":"","overlay-gradient":""},"tablet":{"background-color":"var(--ast-global-color-5)","background-image":"","background-repeat":"repeat","background-position":"center center","background-size":"auto","background-attachment":"scroll","background-type":"","background-media":"","overlay-type":"","overlay-color":"","overlay-gradient":""},"mobile":{"background-color":"var(--ast-global-color-5)","background-image":"","background-repeat":"repeat","background-position":"center center","background-size":"auto","background-attachment":"scroll","background-type":"","background-media":"","overlay-type":"","overlay-color":"","overlay-gradient":""}},"footnotes":""},"class_list":["post-30084","page","type-page","status-publish","hentry"],"yoast_head":"<!-- This site is optimized with the Yoast SEO plugin v22.9 - https:\/\/yoast.com\/wordpress\/plugins\/seo\/ -->\n<title>FAKTI PAR UZ\u0145\u0112MUMU - FOREVERS<\/title>\n<meta name=\"robots\" content=\"index, follow, max-snippet:-1, max-image-preview:large, max-video-preview:-1\" \/>\n<link rel=\"canonical\" href=\"https:\/\/www.forevers.lv\/en\/fakti-par-uznemumu\/\" \/>\n<meta property=\"og:locale\" content=\"en_US\" \/>\n<meta property=\"og:type\" content=\"article\" \/>\n<meta property=\"og:title\" content=\"FAKTI PAR UZ\u0145\u0112MUMU - FOREVERS\" \/>\n<meta property=\"og:description\" content=\"Fakti par uz\u0146\u0113mumu Uz\u0146\u0113mums Forevers ir dibin\u0101ts 1996. gada 3. septembr\u012b. 100% viet\u0113jam kapit\u0101lam piedero\u0161s uz\u0146\u0113mums &#8211; vien\u012bgais uz\u0146\u0113muma \u012bpa\u0161nieks un vienlaic\u012bgi vad\u012bt\u0101js ir Andrejs \u017ddans. Viens no liel\u0101kajiem ga\u013cas p\u0101rstr\u0101des uz\u0146\u0113mumiem Latvij\u0101 ar ra\u017eotni R\u012bg\u0101 un lo\u0123istikas fili\u0101l\u0113m J\u0113kabpil\u012b, Sald\u016b un savu veikalu t\u012bklu. 2018. gad\u0101 SIA \u201cForevers\u201d AS \u201cKred\u012btinform\u0101cijas Birojs\u201d (KIB) nov\u0113rt\u0113jum\u0101 atz\u012bts &hellip; FAKTI PAR UZ\u0145\u0112MUMU Read More &raquo;\" \/>\n<meta property=\"og:url\" content=\"https:\/\/www.forevers.lv\/en\/fakti-par-uznemumu\/\" \/>\n<meta property=\"og:site_name\" content=\"FOREVERS\" \/>\n<meta property=\"article:modified_time\" content=\"2023-08-22T10:00:08+00:00\" \/>\n<meta property=\"og:image\" content=\"http:\/\/www.forevers.lv\/wp-content\/uploads\/2023\/07\/332139415_224606973409813_9207575963015461072_n.jpg\" \/>\n<meta name=\"twitter:card\" content=\"summary_large_image\" \/>\n<meta name=\"twitter:label1\" content=\"Est. reading time\" \/>\n\t<meta name=\"twitter:data1\" content=\"1 minute\" \/>\n<script type=\"application\/ld+json\" class=\"yoast-schema-graph\">{\"@context\":\"https:\/\/schema.org\",\"@graph\":[{\"@type\":\"WebPage\",\"@id\":\"https:\/\/www.forevers.lv\/fakti-par-uznemumu\/\",\"url\":\"https:\/\/www.forevers.lv\/fakti-par-uznemumu\/\",\"name\":\"FAKTI PAR UZ\u0145\u0112MUMU - FOREVERS\",\"isPartOf\":{\"@id\":\"https:\/\/www.forevers.lv\/ru\/#website\"},\"primaryImageOfPage\":{\"@id\":\"https:\/\/www.forevers.lv\/fakti-par-uznemumu\/#primaryimage\"},\"image\":{\"@id\":\"https:\/\/www.forevers.lv\/fakti-par-uznemumu\/#primaryimage\"},\"thumbnailUrl\":\"http:\/\/www.forevers.lv\/wp-content\/uploads\/2023\/07\/332139415_224606973409813_9207575963015461072_n.jpg\",\"datePublished\":\"2023-07-23T15:34:31+00:00\",\"dateModified\":\"2023-08-22T10:00:08+00:00\",\"breadcrumb\":{\"@id\":\"https:\/\/www.forevers.lv\/fakti-par-uznemumu\/#breadcrumb\"},\"inLanguage\":\"en-US\",\"potentialAction\":[{\"@type\":\"ReadAction\",\"target\":[\"https:\/\/www.forevers.lv\/fakti-par-uznemumu\/\"]}]},{\"@type\":\"ImageObject\",\"inLanguage\":\"en-US\",\"@id\":\"https:\/\/www.forevers.lv\/fakti-par-uznemumu\/#primaryimage\",\"url\":\"http:\/\/www.forevers.lv\/wp-content\/uploads\/2023\/07\/332139415_224606973409813_9207575963015461072_n.jpg\",\"contentUrl\":\"http:\/\/www.forevers.lv\/wp-content\/uploads\/2023\/07\/332139415_224606973409813_9207575963015461072_n.jpg\"},{\"@type\":\"BreadcrumbList\",\"@id\":\"https:\/\/www.forevers.lv\/fakti-par-uznemumu\/#breadcrumb\",\"itemListElement\":[{\"@type\":\"ListItem\",\"position\":1,\"name\":\"Home\",\"item\":\"https:\/\/www.forevers.lv\/lv\/\"},{\"@type\":\"ListItem\",\"position\":2,\"name\":\"FAKTI PAR UZ\u0145\u0112MUMU\"}]},{\"@type\":\"WebSite\",\"@id\":\"https:\/\/www.forevers.lv\/ru\/#website\",\"url\":\"https:\/\/www.forevers.lv\/ru\/\",\"name\":\"FOREVERS\",\"description\":\"Gar\u0161\u012bgi, kvalitat\u012bvi un izdev\u012bgi. VIENM\u0112R!\",\"publisher\":{\"@id\":\"https:\/\/www.forevers.lv\/ru\/#organization\"},\"potentialAction\":[{\"@type\":\"SearchAction\",\"target\":{\"@type\":\"EntryPoint\",\"urlTemplate\":\"https:\/\/www.forevers.lv\/ru\/?s={search_term_string}\"},\"query-input\":\"required name=search_term_string\"}],\"inLanguage\":\"en-US\"},{\"@type\":\"Organization\",\"@id\":\"https:\/\/www.forevers.lv\/ru\/#organization\",\"name\":\"FOREVERS\",\"url\":\"https:\/\/www.forevers.lv\/ru\/\",\"logo\":{\"@type\":\"ImageObject\",\"inLanguage\":\"en-US\",\"@id\":\"https:\/\/www.forevers.lv\/ru\/#\/schema\/logo\/image\/\",\"url\":\"https:\/\/www.forevers.lv\/wp-content\/uploads\/2023\/05\/logo.png\",\"contentUrl\":\"https:\/\/www.forevers.lv\/wp-content\/uploads\/2023\/05\/logo.png\",\"width\":262,\"height\":113,\"caption\":\"FOREVERS\"},\"image\":{\"@id\":\"https:\/\/www.forevers.lv\/ru\/#\/schema\/logo\/image\/\"}}]}<\/script>\n<!-- \/ Yoast SEO plugin. -->","yoast_head_json":{"title":"FAKTI PAR UZ\u0145\u0112MUMU - FOREVERS","robots":{"index":"index","follow":"follow","max-snippet":"max-snippet:-1","max-image-preview":"max-image-preview:large","max-video-preview":"max-video-preview:-1"},"canonical":"https:\/\/www.forevers.lv\/en\/fakti-par-uznemumu\/","og_locale":"en_US","og_type":"article","og_title":"FAKTI PAR UZ\u0145\u0112MUMU - FOREVERS","og_description":"Fakti par uz\u0146\u0113mumu Uz\u0146\u0113mums Forevers ir dibin\u0101ts 1996. gada 3. septembr\u012b. 100% viet\u0113jam kapit\u0101lam piedero\u0161s uz\u0146\u0113mums &#8211; vien\u012bgais uz\u0146\u0113muma \u012bpa\u0161nieks un vienlaic\u012bgi vad\u012bt\u0101js ir Andrejs \u017ddans. Viens no liel\u0101kajiem ga\u013cas p\u0101rstr\u0101des uz\u0146\u0113mumiem Latvij\u0101 ar ra\u017eotni R\u012bg\u0101 un lo\u0123istikas fili\u0101l\u0113m J\u0113kabpil\u012b, Sald\u016b un savu veikalu t\u012bklu. 2018. gad\u0101 SIA \u201cForevers\u201d AS \u201cKred\u012btinform\u0101cijas Birojs\u201d (KIB) nov\u0113rt\u0113jum\u0101 atz\u012bts &hellip; FAKTI PAR UZ\u0145\u0112MUMU Read More &raquo;","og_url":"https:\/\/www.forevers.lv\/en\/fakti-par-uznemumu\/","og_site_name":"FOREVERS","article_modified_time":"2023-08-22T10:00:08+00:00","og_image":[{"url":"http:\/\/www.forevers.lv\/wp-content\/uploads\/2023\/07\/332139415_224606973409813_9207575963015461072_n.jpg"}],"twitter_card":"summary_large_image","twitter_misc":{"Est. reading time":"1 minute"},"schema":{"@context":"https:\/\/schema.org","@graph":[{"@type":"WebPage","@id":"https:\/\/www.forevers.lv\/fakti-par-uznemumu\/","url":"https:\/\/www.forevers.lv\/fakti-par-uznemumu\/","name":"FAKTI PAR UZ\u0145\u0112MUMU - FOREVERS","isPartOf":{"@id":"https:\/\/www.forevers.lv\/ru\/#website"},"primaryImageOfPage":{"@id":"https:\/\/www.forevers.lv\/fakti-par-uznemumu\/#primaryimage"},"image":{"@id":"https:\/\/www.forevers.lv\/fakti-par-uznemumu\/#primaryimage"},"thumbnailUrl":"http:\/\/www.forevers.lv\/wp-content\/uploads\/2023\/07\/332139415_224606973409813_9207575963015461072_n.jpg","datePublished":"2023-07-23T15:34:31+00:00","dateModified":"2023-08-22T10:00:08+00:00","breadcrumb":{"@id":"https:\/\/www.forevers.lv\/fakti-par-uznemumu\/#breadcrumb"},"inLanguage":"en-US","potentialAction":[{"@type":"ReadAction","target":["https:\/\/www.forevers.lv\/fakti-par-uznemumu\/"]}]},{"@type":"ImageObject","inLanguage":"en-US","@id":"https:\/\/www.forevers.lv\/fakti-par-uznemumu\/#primaryimage","url":"http:\/\/www.forevers.lv\/wp-content\/uploads\/2023\/07\/332139415_224606973409813_9207575963015461072_n.jpg","contentUrl":"http:\/\/www.forevers.lv\/wp-content\/uploads\/2023\/07\/332139415_224606973409813_9207575963015461072_n.jpg"},{"@type":"BreadcrumbList","@id":"https:\/\/www.forevers.lv\/fakti-par-uznemumu\/#breadcrumb","itemListElement":[{"@type":"ListItem","position":1,"name":"Home","item":"https:\/\/www.forevers.lv\/lv\/"},{"@type":"ListItem","position":2,"name":"FAKTI PAR UZ\u0145\u0112MUMU"}]},{"@type":"WebSite","@id":"https:\/\/www.forevers.lv\/ru\/#website","url":"https:\/\/www.forevers.lv\/ru\/","name":"FOREVERS","description":"Gar\u0161\u012bgi, kvalitat\u012bvi un izdev\u012bgi. VIENM\u0112R!","publisher":{"@id":"https:\/\/www.forevers.lv\/ru\/#organization"},"potentialAction":[{"@type":"SearchAction","target":{"@type":"EntryPoint","urlTemplate":"https:\/\/www.forevers.lv\/ru\/?s={search_term_string}"},"query-input":"required name=search_term_string"}],"inLanguage":"en-US"},{"@type":"Organization","@id":"https:\/\/www.forevers.lv\/ru\/#organization","name":"FOREVERS","url":"https:\/\/www.forevers.lv\/ru\/","logo":{"@type":"ImageObject","inLanguage":"en-US","@id":"https:\/\/www.forevers.lv\/ru\/#\/schema\/logo\/image\/","url":"https:\/\/www.forevers.lv\/wp-content\/uploads\/2023\/05\/logo.png","contentUrl":"https:\/\/www.forevers.lv\/wp-content\/uploads\/2023\/05\/logo.png","width":262,"height":113,"caption":"FOREVERS"},"image":{"@id":"https:\/\/www.forevers.lv\/ru\/#\/schema\/logo\/image\/"}}]}},"_links":{"self":[{"href":"https:\/\/www.forevers.lv\/en\/wp-json\/wp\/v2\/pages\/30084","targetHints":{"allow":["GET"]}}],"collection":[{"href":"https:\/\/www.forevers.lv\/en\/wp-json\/wp\/v2\/pages"}],"about":[{"href":"https:\/\/www.forevers.lv\/en\/wp-json\/wp\/v2\/types\/page"}],"author":[{"embeddable":true,"href":"https:\/\/www.forevers.lv\/en\/wp-json\/wp\/v2\/users\/1"}],"replies":[{"embeddable":true,"href":"https:\/\/www.forevers.lv\/en\/wp-json\/wp\/v2\/comments?post=30084"}],"version-history":[{"count":34,"href":"https:\/\/www.forevers.lv\/en\/wp-json\/wp\/v2\/pages\/30084\/revisions"}],"predecessor-version":[{"id":31125,"href":"https:\/\/www.forevers.lv\/en\/wp-json\/wp\/v2\/pages\/30084\/revisions\/31125"}],"wp:attachment":[{"href":"https:\/\/www.forevers.lv\/en\/wp-json\/wp\/v2\/media?parent=30084"}],"curies":[{"name":"wp","href":"https:\/\/api.w.org\/{rel}","templated":true}]}}